{"id":159,"date":"2017-12-02T18:27:03","date_gmt":"2017-12-02T17:27:03","guid":{"rendered":"http:\/\/passmirail.com\/?page_id=159"},"modified":"2018-11-15T14:56:16","modified_gmt":"2018-11-15T13:56:16","slug":"mentions-legales","status":"publish","type":"page","link":"https:\/\/passmirail.com\/index.php\/mentions-legales\/","title":{"rendered":"Mentions L\u00e9gales"},"content":{"rendered":"<p>Le pr\u00e9sent site et sa base de donn\u00e9es sont h\u00e9berg\u00e9s sur les serveurs de la soci\u00e9t\u00e9\u00a0:<\/p>\n<p><strong>OVH<\/strong><\/p>\n<p>SAS au capital de 10 000 000 \u20ac<\/p>\n<p>Si\u00e8ge social : 2 rue Kellermann, 59100 Roubaix \u2013 France.<\/p>\n<p>SIRET :\u00a0RCS Roubaix \u2013 Tourcoing 424 761 419 00045<\/p>\n<p>&nbsp;<\/p>\n<p><b>Editeur du Site :<\/b><\/p>\n<p>Association <strong>Pass&rsquo;Mirail\u00a0<\/strong><\/p>\n<p>Responsable \u00e9ditorial : <strong>Pass&rsquo;Mirail\u00a0<\/strong><\/p>\n<p>48 rue du Mirail 33000 Bordeaux<\/p>\n<p>T\u00e9l\u00e9phone : 09 52 98 88 87<\/p>\n<p>mail : passmirail@outlook.fr<\/p>\n<p>Site Web :<a href=\"http:\/\/www.passmirail.com\" target=\"_blank\"> www.passmirail.com<\/a><\/p>\n<p>&nbsp;<\/p>\n<p><b>Propri\u00e9t\u00e9 intellectuelle :<\/b><\/p>\n<p>Tout le contenu du pr\u00e9sent site\u00a0<a href=\"http:\/\/www.passmirail.com\" target=\"_blank\">www.passmirail.com<\/a>, incluant, de fa\u00e7on non limitative, les graphismes, images, textes, vid\u00e9os, animations, sons, logos, gifs et ic\u00f4nes ainsi que leur mise en forme sont la propri\u00e9t\u00e9 exclusive de la soci\u00e9t\u00e9 \u00e0 l\u2019exception des marques, logos ou contenus appartenant \u00e0 d\u2019autres soci\u00e9t\u00e9s partenaires ou auteurs.<\/p>\n<p>Toute reproduction, distribution, modification, adaptation, retransmission ou publication, m\u00eame partielle, de ces diff\u00e9rents \u00e9l\u00e9ments est strictement interdite sans l\u2019accord expr\u00e8s par \u00e9crit de <strong>Association Pass&rsquo;Mirail<\/strong>. Cette repr\u00e9sentation ou reproduction, par quelque proc\u00e9d\u00e9 que ce soit, constitue une contrefa\u00e7on sanctionn\u00e9e par les articles L.335-2 et suivants du Code de la propri\u00e9t\u00e9 intellectuelle. Le non-respect de cette interdiction constitue une contrefa\u00e7on pouvant engager la responsabilit\u00e9 civile et p\u00e9nale du contrefacteur. En outre, les propri\u00e9taires des Contenus copi\u00e9s pourraient intenter une action en justice \u00e0 votre encontre.<\/p>\n<p><b>Limitation contractuelles sur les donn\u00e9es :<\/b><\/p>\n<p>Les informations contenues sur ce site sont aussi pr\u00e9cises que possible et le site remis \u00e0 jour \u00e0 diff\u00e9rentes p\u00e9riodes de l\u2019ann\u00e9e, mais peut toutefois contenir des inexactitudes ou des omissions. Si vous constatez une lacune, erreur ou ce qui parait \u00eatre un dysfonctionnement, merci de bien vouloir le signaler par email, \u00e0 l\u2019adresse \u00a0passmirail@outlook.fr.<\/p>\n<p>Tout contenu t\u00e9l\u00e9charg\u00e9 se fait aux risques et p\u00e9rils de l\u2019utilisateur et sous sa seule responsabilit\u00e9. En cons\u00e9quence, ne saurait \u00eatre tenu responsable d\u2019un quelconque dommage subi par l\u2019ordinateur de l\u2019utilisateur ou d\u2019une quelconque perte de donn\u00e9es cons\u00e9cutives au t\u00e9l\u00e9chargement.\u00a0De plus, l\u2019utilisateur du site s\u2019engage \u00e0 acc\u00e9der au site en utilisant un mat\u00e9riel r\u00e9cent, ne contenant pas de virus et avec un navigateur de derni\u00e8re g\u00e9n\u00e9ration mis-\u00e0-jour.<\/p>\n<p>Les liens hypertextes mis en place dans le cadre du pr\u00e9sent site internet en direction d\u2019autres ressources pr\u00e9sentes sur le r\u00e9seau Internet ne sauraient engager la responsabilit\u00e9 de l&rsquo; Association\u00a0<strong>Pass&rsquo;Mirail<\/strong>.<\/p>\n","protected":false},"excerpt":{"rendered":"<p>Le pr\u00e9sent site et sa base de donn\u00e9es sont h\u00e9berg\u00e9s sur les serveurs de la soci\u00e9t\u00e9\u00a0: OVH SAS au capital de 10 000 000 \u20ac Si\u00e8ge social : 2 rue Kellermann, 59100 Roubaix \u2013 France. SIRET :\u00a0RCS Roubaix \u2013 Tourcoing 424 761 419 00045 &nbsp; Editeur du Site : Association Pass&rsquo;Mirail\u00a0 Responsable \u00e9ditorial : Pass&rsquo;Mirail\u00a0<a href=\"https:\/\/passmirail.com\/index.php\/mentions-legales\/\">[&#8230;]<\/a><\/p>\n","protected":false},"author":1,"featured_media":0,"parent":0,"menu_order":0,"comment_status":"closed","ping_status":"closed","template":"template-fullwidth.php","meta":{"footnotes":""},"class_list":["post-159","page","type-page","status-publish","hentry"],"aioseo_notices":[],"_links":{"self":[{"href":"https:\/\/passmirail.com\/index.php\/wp-json\/wp\/v2\/pages\/159","targetHints":{"allow":["GET"]}}],"collection":[{"href":"https:\/\/passmirail.com\/index.php\/wp-json\/wp\/v2\/pages"}],"about":[{"href":"https:\/\/passmirail.com\/index.php\/wp-json\/wp\/v2\/types\/page"}],"author":[{"embeddable":true,"href":"https:\/\/passmirail.com\/index.php\/wp-json\/wp\/v2\/users\/1"}],"replies":[{"embeddable":true,"href":"https:\/\/passmirail.com\/index.php\/wp-json\/wp\/v2\/comments?post=159"}],"version-history":[{"count":1,"href":"https:\/\/passmirail.com\/index.php\/wp-json\/wp\/v2\/pages\/159\/revisions"}],"predecessor-version":[{"id":160,"href":"https:\/\/passmirail.com\/index.php\/wp-json\/wp\/v2\/pages\/159\/revisions\/160"}],"wp:attachment":[{"href":"https:\/\/passmirail.com\/index.php\/wp-json\/wp\/v2\/media?parent=159"}],"curies":[{"name":"wp","href":"https:\/\/api.w.org\/{rel}","templated":true}]}}