{"id":201,"date":"2018-07-20T15:11:33","date_gmt":"2018-07-20T14:11:33","guid":{"rendered":"http:\/\/passmirail.com\/?page_id=201"},"modified":"2025-10-07T08:09:34","modified_gmt":"2025-10-07T07:09:34","slug":"ateliers","status":"publish","type":"page","link":"https:\/\/passmirail.com\/index.php\/ateliers\/","title":{"rendered":"Ateliers"},"content":{"rendered":"\t\t<div data-elementor-type=\"wp-page\" data-elementor-id=\"201\" class=\"elementor elementor-201\">\n\t\t\t\t\t\t<section class=\"elementor-section elementor-top-section elementor-element elementor-element-492a924 elementor-section-boxed elementor-section-height-default elementor-section-height-default\" data-id=\"492a924\" data-element_type=\"section\">\n\t\t\t\t\t\t<div class=\"elementor-container elementor-column-gap-default\">\n\t\t\t\t\t<div class=\"elementor-column elementor-col-50 elementor-top-column elementor-element elementor-element-6d6959a\" data-id=\"6d6959a\" data-element_type=\"column\">\n\t\t\t<div class=\"elementor-widget-wrap elementor-element-populated\">\n\t\t\t\t\t\t<div class=\"elementor-element elementor-element-ea83b99 elementor-widget elementor-widget-text-editor\" data-id=\"ea83b99\" data-element_type=\"widget\" data-widget_type=\"text-editor.default\">\n\t\t\t\t<div class=\"elementor-widget-container\">\n\t\t\t<style>\/*! elementor - v3.21.0 - 25-04-2024 *\/\n.elementor-widget-text-editor.elementor-drop-cap-view-stacked .elementor-drop-cap{background-color:#69727d;color:#fff}.elementor-widget-text-editor.elementor-drop-cap-view-framed .elementor-drop-cap{color:#69727d;border:3px solid;background-color:transparent}.elementor-widget-text-editor:not(.elementor-drop-cap-view-default) .elementor-drop-cap{margin-top:8px}.elementor-widget-text-editor:not(.elementor-drop-cap-view-default) .elementor-drop-cap-letter{width:1em;height:1em}.elementor-widget-text-editor .elementor-drop-cap{float:left;text-align:center;line-height:1;font-size:50px}.elementor-widget-text-editor .elementor-drop-cap-letter{display:inline-block}<\/style>\t\t\t\t<p><img fetchpriority=\"high\" decoding=\"async\" class=\"size-medium wp-image-16 alignleft\" src=\"https:\/\/passmirail.com\/wp-content\/uploads\/2016\/02\/Background-277x300.jpg\" alt=\"Relais pr\u00e9vention\" width=\"277\" height=\"300\" srcset=\"https:\/\/passmirail.com\/wp-content\/uploads\/2016\/02\/Background-277x300.jpg 277w, https:\/\/passmirail.com\/wp-content\/uploads\/2016\/02\/Background-768x831.jpg 768w, https:\/\/passmirail.com\/wp-content\/uploads\/2016\/02\/Background-946x1024.jpg 946w, https:\/\/passmirail.com\/wp-content\/uploads\/2016\/02\/Background.jpg 1240w\" sizes=\"(max-width: 277px) 100vw, 277px\" \/><span style=\"font-size: 14pt;\">Les <\/span><strong><span style=\"font-size: 14pt;\">ateliers<\/span><\/strong> ont vocation \u00e0 \u00eatre propos\u00e9s sur des s\u00e9quences plus longues,\u00a0avec plusieurs rendez-vous pour le groupe concern\u00e9.<\/p><p>Les ateliers impliquent un investissement diff\u00e9rent \u00e0 ce qui peut \u00eatre demand\u00e9 aux jeunes dans le cadre d\u2019une activit\u00e9.<\/p><div dir=\"ltr\">\u00a0<\/div>\t\t\t\t\t\t<\/div>\n\t\t\t\t<\/div>\n\t\t\t\t\t<\/div>\n\t\t<\/div>\n\t\t\t\t<div class=\"elementor-column elementor-col-50 elementor-top-column elementor-element elementor-element-1c298f8\" data-id=\"1c298f8\" data-element_type=\"column\">\n\t\t\t<div class=\"elementor-widget-wrap\">\n\t\t\t\t\t\t\t<\/div>\n\t\t<\/div>\n\t\t\t\t\t<\/div>\n\t\t<\/section>\n\t\t\t\t<section class=\"elementor-section elementor-top-section elementor-element elementor-element-9be8bba animated-slow elementor-section-boxed elementor-section-height-default elementor-section-height-default elementor-invisible\" data-id=\"9be8bba\" data-element_type=\"section\" data-settings=\"{&quot;background_background&quot;:&quot;classic&quot;,&quot;shape_divider_top&quot;:&quot;waves-pattern&quot;,&quot;animation&quot;:&quot;fadeInLeft&quot;}\">\n\t\t\t\t\t<div class=\"elementor-shape elementor-shape-top\" data-negative=\"false\">\n\t\t\t<svg xmlns=\"http:\/\/www.w3.org\/2000\/svg\" viewBox=\"0 0 1047.1 3.7\" preserveAspectRatio=\"xMidYMin slice\">\n\t<path class=\"elementor-shape-fill\" d=\"M1047.1,0C557,0,8.9,0,0,0v1.6c0,0,0.6-1.5,2.7-0.3C3.9,2,6.1,4.1,8.3,3.5c0.9-0.2,1.5-1.9,1.5-1.9\ts0.6-1.5,2.7-0.3C13.8,2,16,4.1,18.2,3.5c0.9-0.2,1.5-1.9,1.5-1.9s0.6-1.5,2.7-0.3C23.6,2,25.9,4.1,28,3.5c0.9-0.2,1.5-1.9,1.5-1.9\tc0,0,0.6-1.5,2.7-0.3c1.2,0.7,3.5,2.8,5.6,2.2c0.9-0.2,1.5-1.9,1.5-1.9c0,0,0.6-1.5,2.7-0.3c1.2,0.7,3.5,2.8,5.6,2.2\tc0.9-0.2,1.5-1.9,1.5-1.9s0.6-1.5,2.7-0.3c1.2,0.7,3.5,2.8,5.6,2.2c0.9-0.2,1.5-1.9,1.5-1.9s0.6-1.5,2.7-0.3C63,2,65.3,4.1,67.4,3.5\tC68.3,3.3,69,1.6,69,1.6s0.6-1.5,2.7-0.3c1.2,0.7,3.5,2.8,5.6,2.2c0.9-0.2,1.5-1.9,1.5-1.9c0,0,0.6-1.5,2.7-0.3\tC82.7,2,85,4.1,87.1,3.5c0.9-0.2,1.5-1.9,1.5-1.9s0.6-1.5,2.7-0.3C92.6,2,94.8,4.1,97,3.5c0.9-0.2,1.5-1.9,1.5-1.9s0.6-1.5,2.7-0.3\tc1.2,0.7,3.5,2.8,5.6,2.2c0.9-0.2,1.5-1.9,1.5-1.9s0.6-1.5,2.7-0.3c1.2,0.7,3.5,2.8,5.6,2.2c0.9-0.2,1.5-1.9,1.5-1.9\tc0,0,0.6-1.5,2.7-0.3c1.2,0.7,3.5,2.8,5.6,2.2c0.9-0.2,1.5-1.9,1.5-1.9c0,0,0.6-1.5,2.7-0.3c1.2,0.7,3.5,2.8,5.6,2.2\tc0.9-0.2,1.5-1.9,1.5-1.9s0.6-1.5,2.7-0.3c1.2,0.7,3.5,2.8,5.6,2.2c0.9-0.2,1.5-1.9,1.5-1.9s0.6-1.5,2.7-0.3\tc1.2,0.7,3.5,2.8,5.6,2.2c0.9-0.2,1.5-1.9,1.5-1.9s0.6-1.5,2.7-0.3c1.2,0.7,3.5,2.8,5.6,2.2c0.9-0.2,1.5-1.9,1.5-1.9\tc0,0,0.6-1.5,2.7-0.3c1.2,0.7,3.5,2.8,5.6,2.2c0.9-0.2,1.5-1.9,1.5-1.9s0.6-1.5,2.7-0.3c1.2,0.7,3.5,2.8,5.6,2.2\tc0.9-0.2,1.5-1.9,1.5-1.9s0.6-1.5,2.7-0.3c1.2,0.7,3.5,2.8,5.6,2.2c0.9-0.2,1.5-1.9,1.5-1.9s0.6-1.5,2.7-0.3\tc1.2,0.7,3.5,2.8,5.6,2.2c0.9-0.2,1.5-1.9,1.5-1.9c0,0,0.6-1.5,2.7-0.3c1.2,0.7,3.5,2.8,5.6,2.2c0.9-0.2,1.5-1.9,1.5-1.9\tc0,0,0.6-1.5,2.7-0.3c1.2,0.7,3.5,2.8,5.6,2.2c0.9-0.2,1.5-1.9,1.5-1.9s0.6-1.5,2.7-0.3c1.2,0.7,3.5,2.8,5.6,2.2\tc0.9-0.2,1.5-1.9,1.5-1.9s0.6-1.5,2.7-0.3c1.2,0.7,3.5,2.8,5.6,2.2c0.9-0.2,1.5-1.9,1.5-1.9s0.6-1.5,2.7-0.3\tc1.2,0.7,3.5,2.8,5.6,2.2c0.9-0.2,1.5-1.9,1.5-1.9c0,0,0.6-1.5,2.7-0.3c1.2,0.7,3.5,2.8,5.6,2.2c0.9-0.2,1.5-1.9,1.5-1.9\ts0.6-1.5,2.7-0.3c1.2,0.7,3.5,2.8,5.6,2.2c0.9-0.2,1.5-1.9,1.5-1.9s0.6-1.5,2.7-0.3c1.2,0.7,3.5,2.8,5.6,2.2\tc0.9-0.2,1.5-1.9,1.5-1.9s0.6-1.5,2.7-0.3c1.2,0.7,3.5,2.8,5.6,2.2c0.9-0.2,1.5-1.9,1.5-1.9c0,0,0.6-1.5,2.7-0.3\tc1.2,0.7,3.5,2.8,5.6,2.2c0.9-0.2,1.5-1.9,1.5-1.9c0,0,0.6-1.5,2.7-0.3c1.2,0.7,3.5,2.8,5.6,2.2c0.9-0.2,1.5-1.9,1.5-1.9\ts0.6-1.5,2.7-0.3c1.2,0.7,3.5,2.8,5.6,2.2c0.9-0.2,1.5-1.9,1.5-1.9s0.6-1.5,2.7-0.3c1.2,0.7,3.5,2.8,5.6,2.2\tc0.9-0.2,1.5-1.9,1.5-1.9s0.6-1.5,2.7-0.3c1.2,0.7,3.5,2.8,5.6,2.2c0.9-0.2,1.5-1.9,1.5-1.9c0,0,0.6-1.5,2.7-0.3\tc1.2,0.7,3.5,2.8,5.6,2.2c0.9-0.2,1.5-1.9,1.5-1.9s0.6-1.5,2.7-0.3c1.2,0.7,3.5,2.8,5.6,2.2c0.9-0.2,1.5-1.9,1.5-1.9\ts0.6-1.5,2.7-0.3c1.2,0.7,3.5,2.8,5.6,2.2c0.9-0.2,1.5-1.9,1.5-1.9s0.6-1.5,2.7-0.3c1.2,0.7,3.5,2.8,5.6,2.2\tc0.9-0.2,1.5-1.9,1.5-1.9c0,0,0.6-1.5,2.7-0.3c1.2,0.7,3.5,2.8,5.6,2.2c0.9-0.2,1.5-1.9,1.5-1.9c0,0,0.6-1.5,2.7-0.3\tc1.2,0.7,3.5,2.8,5.6,2.2c0.9-0.2,1.5-1.9,1.5-1.9s0.6-1.5,2.7-0.3c1.2,0.7,3.5,2.8,5.6,2.2c0.9-0.2,1.5-1.9,1.5-1.9\ts0.6-1.5,2.7-0.3c1.2,0.7,3.5,2.8,5.6,2.2c0.9-0.2,1.5-1.9,1.5-1.9s0.6-1.5,2.7-0.3c1.2,0.7,3.5,2.8,5.6,2.2\tc0.9-0.2,1.5-1.9,1.5-1.9c0,0,0.6-1.5,2.7-0.3c1.2,0.7,3.5,2.8,5.6,2.2c0.9-0.2,1.5-1.9,1.5-1.9s0.6-1.5,2.7-0.3\tc1.2,0.7,3.5,2.8,5.6,2.2c0.9-0.2,1.5-1.9,1.5-1.9s0.6-1.5,2.7-0.3c1.2,0.7,3.5,2.8,5.6,2.2c0.9-0.2,1.5-1.9,1.5-1.9\ts0.6-1.5,2.7-0.3c1.2,0.7,3.5,2.8,5.6,2.2c0.9-0.2,1.5-1.9,1.5-1.9c0,0,0.6-1.5,2.7-0.3c1.2,0.7,3.5,2.8,5.6,2.2\tc0.9-0.2,1.5-1.9,1.5-1.9c0,0,0.6-1.5,2.7-0.3c1.2,0.7,3.5,2.8,5.6,2.2c0.9-0.2,1.5-1.9,1.5-1.9s0.6-1.5,2.7-0.3\tc1.2,0.7,3.5,2.8,5.6,2.2c0.9-0.2,1.5-1.9,1.5-1.9s0.6-1.5,2.7-0.3c1.2,0.7,3.5,2.8,5.6,2.2c0.9-0.2,1.5-1.9,1.5-1.9\ts0.6-1.5,2.7-0.3c1.2,0.7,3.5,2.8,5.6,2.2c0.9-0.2,1.5-1.9,1.5-1.9c0,0,0.6-1.5,2.7-0.3c1.2,0.7,3.5,2.8,5.6,2.2\tc0.9-0.2,1.5-1.9,1.5-1.9s0.6-1.5,2.7-0.3c1.2,0.7,3.5,2.8,5.6,2.2c0.9-0.2,1.5-1.9,1.5-1.9s0.6-1.5,2.7-0.3\tc1.2,0.7,3.5,2.8,5.6,2.2c0.9-0.2,1.5-1.9,1.5-1.9s0.6-1.5,2.7-0.3c1.2,0.7,3.5,2.8,5.6,2.2c0.9-0.2,1.5-1.9,1.5-1.9\tc0,0,0.6-1.5,2.7-0.3c1.2,0.7,3.5,2.8,5.6,2.2c0.9-0.2,1.5-1.9,1.5-1.9c0,0,0.6-1.5,2.7-0.3c1.2,0.7,3.5,2.8,5.6,2.2\tc0.9-0.2,1.5-1.9,1.5-1.9s0.6-1.5,2.7-0.3c1.2,0.7,3.5,2.8,5.6,2.2c0.9-0.2,1.5-1.9,1.5-1.9s0.6-1.5,2.7-0.3\tc1.2,0.7,3.5,2.8,5.6,2.2c0.9-0.2,1.5-1.9,1.5-1.9s0.6-1.5,2.7-0.3c1.2,0.7,3.5,2.8,5.6,2.2c0.9-0.2,1.5-1.9,1.5-1.9\tc0,0,0.6-1.5,2.7-0.3c1.2,0.7,3.5,2.8,5.6,2.2c0.9-0.2,1.5-1.9,1.5-1.9s0.6-1.5,2.7-0.3c1.2,0.7,3.5,2.8,5.6,2.2\tc0.9-0.2,1.5-1.9,1.5-1.9s0.6-1.5,2.7-0.3c1.2,0.7,3.5,2.8,5.6,2.2c0.9-0.2,1.5-1.9,1.5-1.9s0.6-1.5,2.7-0.3\tc1.2,0.7,3.5,2.8,5.6,2.2c0.9-0.2,1.5-1.9,1.5-1.9c0,0,0.6-1.5,2.7-0.3c1.2,0.7,3.5,2.8,5.6,2.2c0.9-0.2,1.5-1.9,1.5-1.9\tc0,0,0.6-1.5,2.7-0.3c1.2,0.7,3.5,2.8,5.6,2.2c0.9-0.2,1.5-1.9,1.5-1.9s0.6-1.5,2.7-0.3c1.2,0.7,3.5,2.8,5.6,2.2\tc0.9-0.2,1.5-1.9,1.5-1.9s0.6-1.5,2.7-0.3c1.2,0.7,3.5,2.8,5.6,2.2c0.9-0.2,1.5-1.9,1.5-1.9s0.6-1.5,2.7-0.3\tc1.2,0.7,3.5,2.8,5.6,2.2c0.9-0.2,1.5-1.9,1.5-1.9c0,0,0.6-1.5,2.7-0.3c1.2,0.7,3.5,2.8,5.6,2.2c0.9-0.2,1.5-1.9,1.5-1.9\ts0.6-1.5,2.7-0.3c1.2,0.7,3.5,2.8,5.6,2.2c0.9-0.2,1.5-1.9,1.5-1.9s0.6-1.5,2.7-0.3c1.2,0.7,3.5,2.8,5.6,2.2\tc0.9-0.2,1.5-1.9,1.5-1.9s0.6-1.5,2.7-0.3c1.2,0.7,3.5,2.8,5.6,2.2c0.9-0.2,1.5-1.9,1.5-1.9c0,0,0.6-1.5,2.7-0.3\tc1.2,0.7,3.5,2.8,5.6,2.2c0.9-0.2,1.5-1.9,1.5-1.9c0,0,0.6-1.5,2.7-0.3c1.2,0.7,3.5,2.8,5.6,2.2c0.9-0.2,1.5-1.9,1.5-1.9\ts0.6-1.5,2.7-0.3c1.2,0.7,3.5,2.8,5.6,2.2c0.9-0.2,1.5-1.9,1.5-1.9s0.6-1.5,2.7-0.3c1.2,0.7,3.5,2.8,5.6,2.2\tc0.9-0.2,1.5-1.9,1.5-1.9s0.6-1.5,2.7-0.3c1.2,0.7,3.5,2.8,5.6,2.2c0.9-0.2,1.5-1.9,1.5-1.9c0,0,0.6-1.5,2.7-0.3\tc1.2,0.7,3.5,2.8,5.6,2.2c0.9-0.2,1.5-1.9,1.5-1.9s0.6-1.5,2.7-0.3c1.2,0.7,3.5,2.8,5.6,2.2c0.9-0.2,1.5-1.9,1.5-1.9\ts0.6-1.5,2.7-0.3c1.2,0.7,3.5,2.8,5.6,2.2c0.9-0.2,1.5-1.9,1.5-1.9s0.6-1.5,2.7-0.3c1.2,0.7,3.5,2.8,5.6,2.2\tc0.9-0.2,1.5-1.9,1.5-1.9c0,0,0.6-1.5,2.7-0.3c1.2,0.7,3.5,2.8,5.6,2.2c0.9-0.2,1.5-1.9,1.5-1.9c0,0,0.6-1.5,2.7-0.3\tc1.2,0.7,3.5,2.8,5.6,2.2c0.9-0.2,1.5-1.9,1.5-1.9s0.6-1.5,2.7-0.3c1.2,0.7,3.5,2.8,5.6,2.2c0.9-0.2,1.5-1.9,1.5-1.9\ts0.6-1.5,2.7-0.3c1.2,0.7,3.5,2.8,5.6,2.2c0.9-0.2,1.5-1.9,1.5-1.9s0.6-1.5,2.7-0.3c1.2,0.7,3.5,2.8,5.6,2.2\tc0.9-0.2,1.5-1.9,1.5-1.9c0,0,0.6-1.5,2.7-0.3c1.2,0.7,3.5,2.8,5.6,2.2c0.9-0.2,1.5-1.9,1.5-1.9s0.6-1.5,2.7-0.3\tc1.2,0.7,3.5,2.8,5.6,2.2c0.9-0.2,1.5-1.9,1.5-1.9s0.6-1.5,2.7-0.3c1.2,0.7,3.5,2.8,5.6,2.2c0.9-0.2,1.5-1.9,1.5-1.9\ts0.6-1.5,2.7-0.3c1.2,0.7,3.5,2.8,5.6,2.2c0.9-0.2,1.5-1.9,1.5-1.9c0,0,0.6-1.5,2.7-0.3c1.2,0.7,3.5,2.8,5.6,2.2\tc0.9-0.2,1.5-1.9,1.5-1.9c0,0,0.6-1.5,2.7-0.3c1.2,0.7,3.5,2.8,5.6,2.2c0.9-0.2,1.5-1.9,1.5-1.9s0.6-1.5,2.7-0.3\tc1.2,0.7,3.5,2.8,5.6,2.2c0.9-0.2,1.5-1.9,1.5-1.9s0.6-1.5,2.7-0.3c1.2,0.7,3.5,2.8,5.6,2.2c0.9-0.2,1.5-1.9,1.5-1.9\ts0.6-1.5,2.7-0.3c1.2,0.7,3.5,2.8,5.6,2.2c0.9-0.2,1.5-1.9,1.5-1.9c0,0,0.6-1.5,2.7-0.3c1.2,0.7,3.5,2.8,5.6,2.2\tc0.9-0.2,1.5-1.9,1.5-1.9s0.6-1.5,2.7-0.3c1.2,0.7,3.5,2.8,5.6,2.2c0.9-0.2,1.5-1.9,1.5-1.9s0.6-1.5,2.7-0.3\tc1.2,0.7,3.5,2.8,5.6,2.2c0.9-0.2,1.5-1.9,1.5-1.9s0.6-1.5,2.7-0.3c1.2,0.7,3.5,2.8,5.6,2.2c0.9-0.2,1.5-1.9,1.5-1.9\tc0,0,0.6-1.5,2.7-0.3c1.2,0.7,3.5,2.8,5.6,2.2c0.9-0.2,1.5-1.9,1.5-1.9c0,0,0.6-1.5,2.7-0.3c1.2,0.7,3.5,2.8,5.6,2.2\tc0.9-0.2,1.5-1.9,1.5-1.9s0.6-1.5,2.7-0.3c1.2,0.7,3.5,2.8,5.6,2.2c0.9-0.2,1.5-1.9,1.5-1.9s0.6-1.5,2.7-0.3\tc1.2,0.7,3.5,2.8,5.6,2.2c0.9-0.2,1.5-1.9,1.5-1.9s0.6-1.5,2.6-0.4V0z M2.5,1.2C2.5,1.2,2.5,1.2,2.5,1.2C2.5,1.2,2.5,1.2,2.5,1.2z M2.7,1.4c0.1,0,0.1,0.1,0.1,0.1C2.8,1.4,2.8,1.4,2.7,1.4z\"\/>\n<\/svg>\t\t<\/div>\n\t\t\t\t\t<div class=\"elementor-container elementor-column-gap-default\">\n\t\t\t\t\t<div class=\"elementor-column elementor-col-100 elementor-top-column elementor-element elementor-element-4c1d30ae\" data-id=\"4c1d30ae\" data-element_type=\"column\">\n\t\t\t<div class=\"elementor-widget-wrap elementor-element-populated\">\n\t\t\t\t\t\t<div class=\"elementor-element elementor-element-78bc69f elementor-widget elementor-widget-text-editor\" data-id=\"78bc69f\" data-element_type=\"widget\" data-widget_type=\"text-editor.default\">\n\t\t\t\t<div class=\"elementor-widget-container\">\n\t\t\t\t\t\t\t<p>L\u2019\u00e9quipe de Pass\u2019mirail est toujours disponible pour vous accueillir sur les horaires ci-dessous:<\/p><div dir=\"ltr\"><span style=\"color: orange; font-size: big;\"><strong>Accueil :<\/strong> <\/span><\/div><div dir=\"ltr\"><strong>Lundi <\/strong>14h-17h et 18h -20h30<\/div><div dir=\"ltr\"><strong>Mardi<\/strong> 14h-17h<\/div><div dir=\"ltr\"><strong>Mercredi <\/strong>12 h \u00e0 17 h (Potluck (repas partag\u00e9) &#8211;\u00a0de 12 h \u00e0 14h)<\/div><div dir=\"ltr\"><strong>Jeudi <\/strong>14h-17h<\/div><div dir=\"ltr\"><strong>Vendredi\u00a0<\/strong>matin\u00e9e de 9 h 30 \u00e0 12 h (Mat&rsquo;luck de 9 h 30 \u00e0 10 h 15) 14 h \u00e0 17 h<\/div><div dir=\"ltr\"><div dir=\"ltr\">T\u00e9l\u00e9phone : 09 52 98 88 87<\/div><div dir=\"ltr\">Mail : coordination.passmirail@passmirail.com<\/div><div dir=\"ltr\">\u00a0<\/div><div dir=\"ltr\">Facebook : <a id=\"LPlnk398125\" href=\"https:\/\/www.facebook.com\/Passmirail\/\" target=\"_blank\" rel=\"noopener noreferrer\" data-auth=\"NotApplicable\">https:\/\/www.facebook.com\/Passmirail\/<\/a><\/div><\/div><div dir=\"ltr\">\u00a0<\/div><div dir=\"ltr\">\u00a0<\/div>\t\t\t\t\t\t<\/div>\n\t\t\t\t<\/div>\n\t\t\t\t<div class=\"elementor-element elementor-element-4678971 elementor-widget elementor-widget-text-editor\" data-id=\"4678971\" data-element_type=\"widget\" data-widget_type=\"text-editor.default\">\n\t\t\t\t<div class=\"elementor-widget-container\">\n\t\t\t\t\t\t\t<div dir=\"ltr\"><span style=\"font-size: 10pt;\">Afin de respecter les diff\u00e9rentes r\u00e9glementations et gestes barri\u00e8res,\u00a0nous avons mis en place des nouvelles dispositions qui nous permettent de vous accueillir dans les meilleurs conditions.<\/span><\/div><div dir=\"ltr\"><span style=\"font-size: 10pt;\">N\u2019h\u00e9sitez pas \u00e0 nous contacter pour tous renseignements.<\/span><\/div><div dir=\"ltr\">\u00a0<\/div><div dir=\"ltr\">\u00a0<\/div>\t\t\t\t\t\t<\/div>\n\t\t\t\t<\/div>\n\t\t\t\t\t<\/div>\n\t\t<\/div>\n\t\t\t\t\t<\/div>\n\t\t<\/section>\n\t\t\t\t<\/div>\n\t\t","protected":false},"excerpt":{"rendered":"<p>Les ateliers ont vocation \u00e0 \u00eatre propos\u00e9s sur des s\u00e9quences plus longues,\u00a0avec plusieurs rendez-vous pour le groupe concern\u00e9. Les ateliers impliquent un investissement diff\u00e9rent \u00e0 ce qui peut \u00eatre demand\u00e9 aux jeunes dans le cadre d\u2019une activit\u00e9. \u00a0 L\u2019\u00e9quipe de Pass\u2019mirail est toujours disponible pour vous accueillir sur les horaires ci-dessous: Accueil : Lundi 14h-17h<a href=\"https:\/\/passmirail.com\/index.php\/ateliers\/\">[&#8230;]<\/a><\/p>\n","protected":false},"author":1,"featured_media":0,"parent":0,"menu_order":0,"comment_status":"closed","ping_status":"closed","template":"template-fullwidth.php","meta":{"footnotes":""},"class_list":["post-201","page","type-page","status-publish","hentry"],"aioseo_notices":[],"_links":{"self":[{"href":"https:\/\/passmirail.com\/index.php\/wp-json\/wp\/v2\/pages\/201","targetHints":{"allow":["GET"]}}],"collection":[{"href":"https:\/\/passmirail.com\/index.php\/wp-json\/wp\/v2\/pages"}],"about":[{"href":"https:\/\/passmirail.com\/index.php\/wp-json\/wp\/v2\/types\/page"}],"author":[{"embeddable":true,"href":"https:\/\/passmirail.com\/index.php\/wp-json\/wp\/v2\/users\/1"}],"replies":[{"embeddable":true,"href":"https:\/\/passmirail.com\/index.php\/wp-json\/wp\/v2\/comments?post=201"}],"version-history":[{"count":46,"href":"https:\/\/passmirail.com\/index.php\/wp-json\/wp\/v2\/pages\/201\/revisions"}],"predecessor-version":[{"id":35665,"href":"https:\/\/passmirail.com\/index.php\/wp-json\/wp\/v2\/pages\/201\/revisions\/35665"}],"wp:attachment":[{"href":"https:\/\/passmirail.com\/index.php\/wp-json\/wp\/v2\/media?parent=201"}],"curies":[{"name":"wp","href":"https:\/\/api.w.org\/{rel}","templated":true}]}}